{"id":547,"date":"2023-12-12T10:40:05","date_gmt":"2023-12-12T10:40:05","guid":{"rendered":"https:\/\/hanamistudiolo.com\/?post_type=product&#038;p=547"},"modified":"2023-12-12T10:46:07","modified_gmt":"2023-12-12T10:46:07","slug":"pote-berber-2","status":"publish","type":"product","link":"https:\/\/hanamistudiolo.com\/en\/product\/pote-berber-2\/","title":{"rendered":"Pote Berber"},"content":{"rendered":"<p class=\"p1\">Pote Berber. Artesanalmente feito em Marrocos, cada um deste potes \u00e9 uma pe\u00e7a de decora\u00e7\u00e3o \u00fanica.<\/p>\n<p class=\"p1\">Tradicionamente usada como caixa para guardar p\u00e3o e ch\u00e1s, podem agora fazer parte de uma original decora\u00e7\u00e3o.<\/p>","protected":false},"excerpt":{"rendered":"<p>Pote Berber. Artesanalmente feito em Marrocos, cada um deste potes \u00e9 uma pe\u00e7a de decora\u00e7\u00e3o \u00fanica. Tradicionamente usada como caixa para guardar p\u00e3o e ch\u00e1s, podem agora fazer parte de uma original decora\u00e7\u00e3o.<\/p>","protected":false},"featured_media":548,"comment_status":"closed","ping_status":"closed","template":"","meta":[],"product_brand":[],"product_cat":[41,21],"product_tag":[],"class_list":{"0":"post-547","1":"product","2":"type-product","3":"status-publish","4":"has-post-thumbnail","6":"product_cat-casa","7":"product_cat-curiosidades","9":"first","10":"instock","11":"taxable","12":"shipping-taxable","13":"purchasable","14":"product-type-simple"},"_links":{"self":[{"href":"https:\/\/hanamistudiolo.com\/en\/wp-json\/wp\/v2\/product\/547","targetHints":{"allow":["GET"]}}],"collection":[{"href":"https:\/\/hanamistudiolo.com\/en\/wp-json\/wp\/v2\/product"}],"about":[{"href":"https:\/\/hanamistudiolo.com\/en\/wp-json\/wp\/v2\/types\/product"}],"replies":[{"embeddable":true,"href":"https:\/\/hanamistudiolo.com\/en\/wp-json\/wp\/v2\/comments?post=547"}],"wp:featuredmedia":[{"embeddable":true,"href":"https:\/\/hanamistudiolo.com\/en\/wp-json\/wp\/v2\/media\/548"}],"wp:attachment":[{"href":"https:\/\/hanamistudiolo.com\/en\/wp-json\/wp\/v2\/media?parent=547"}],"wp:term":[{"taxonomy":"product_brand","embeddable":true,"href":"https:\/\/hanamistudiolo.com\/en\/wp-json\/wp\/v2\/product_brand?post=547"},{"taxonomy":"product_cat","embeddable":true,"href":"https:\/\/hanamistudiolo.com\/en\/wp-json\/wp\/v2\/product_cat?post=547"},{"taxonomy":"product_tag","embeddable":true,"href":"https:\/\/hanamistudiolo.com\/en\/wp-json\/wp\/v2\/product_tag?post=547"}],"curies":[{"name":"wp","href":"https:\/\/api.w.org\/{rel}","templated":true}]}}