{"id":536,"date":"2023-12-11T17:17:32","date_gmt":"2023-12-11T17:17:32","guid":{"rendered":"https:\/\/hanamistudiolo.com\/?post_type=product&#038;p=536"},"modified":"2023-12-11T17:17:32","modified_gmt":"2023-12-11T17:17:32","slug":"pulseira-mama","status":"publish","type":"product","link":"https:\/\/hanamistudiolo.com\/en\/product\/pulseira-mama\/","title":{"rendered":"Pulseira &#8220;Mam\u00e3&#8221;"},"content":{"rendered":"<p class=\"p1\">Pulseira &#8220;Mam\u00e3&#8221;. O presente carinhoso para estar sempre presente. E combinar com muitas pulseiras.<\/p>\n<p class=\"p1\">Apenas a pulseira &#8220;Mama&#8221; est\u00e1 incluida no pre\u00e7o.<\/p>\n<p class=\"p1\">Ajustav\u00e9l<\/p>","protected":false},"excerpt":{"rendered":"<p>Pulseira &#8220;Mam\u00e3&#8221;. O presente carinhoso para estar sempre presente. E combinar com muitas pulseiras. Apenas a pulseira &#8220;Mama&#8221; est\u00e1 incluida no pre\u00e7o. Ajustav\u00e9l<\/p>","protected":false},"featured_media":537,"comment_status":"closed","ping_status":"closed","template":"","meta":[],"product_brand":[],"product_cat":[39,21],"product_tag":[],"class_list":{"0":"post-536","1":"product","2":"type-product","3":"status-publish","4":"has-post-thumbnail","6":"product_cat-momentos","7":"product_cat-curiosidades","9":"first","10":"instock","11":"taxable","12":"shipping-taxable","13":"purchasable","14":"product-type-simple"},"_links":{"self":[{"href":"https:\/\/hanamistudiolo.com\/en\/wp-json\/wp\/v2\/product\/536","targetHints":{"allow":["GET"]}}],"collection":[{"href":"https:\/\/hanamistudiolo.com\/en\/wp-json\/wp\/v2\/product"}],"about":[{"href":"https:\/\/hanamistudiolo.com\/en\/wp-json\/wp\/v2\/types\/product"}],"replies":[{"embeddable":true,"href":"https:\/\/hanamistudiolo.com\/en\/wp-json\/wp\/v2\/comments?post=536"}],"wp:featuredmedia":[{"embeddable":true,"href":"https:\/\/hanamistudiolo.com\/en\/wp-json\/wp\/v2\/media\/537"}],"wp:attachment":[{"href":"https:\/\/hanamistudiolo.com\/en\/wp-json\/wp\/v2\/media?parent=536"}],"wp:term":[{"taxonomy":"product_brand","embeddable":true,"href":"https:\/\/hanamistudiolo.com\/en\/wp-json\/wp\/v2\/product_brand?post=536"},{"taxonomy":"product_cat","embeddable":true,"href":"https:\/\/hanamistudiolo.com\/en\/wp-json\/wp\/v2\/product_cat?post=536"},{"taxonomy":"product_tag","embeddable":true,"href":"https:\/\/hanamistudiolo.com\/en\/wp-json\/wp\/v2\/product_tag?post=536"}],"curies":[{"name":"wp","href":"https:\/\/api.w.org\/{rel}","templated":true}]}}