{"id":531,"date":"2023-12-11T17:06:44","date_gmt":"2023-12-11T17:06:44","guid":{"rendered":"https:\/\/hanamistudiolo.com\/?post_type=product&#038;p=531"},"modified":"2023-12-11T17:14:11","modified_gmt":"2023-12-11T17:14:11","slug":"carteira","status":"publish","type":"product","link":"https:\/\/hanamistudiolo.com\/en\/product\/carteira\/","title":{"rendered":"Carteira"},"content":{"rendered":"<p class=\"p1\">A carteira mais pr\u00e1tica: mini-bolsa turquesa com duas al\u00e7as para escolha consoante a ocasi\u00e3o &#8211; uma estreita e longa em turquesa e outra em cor roxo.<\/p>\n<p class=\"p1\">aprox.: 25x5x15 cm<\/p>","protected":false},"excerpt":{"rendered":"<p>A carteira mais pr\u00e1tica: mini-bolsa turquesa com duas al\u00e7as para escolha consoante a ocasi\u00e3o &#8211; uma estreita e longa em turquesa e outra em cor roxo. aprox.: 25x5x15 cm<\/p>","protected":false},"featured_media":532,"comment_status":"closed","ping_status":"closed","template":"","meta":[],"product_brand":[],"product_cat":[20,38],"product_tag":[],"class_list":{"0":"post-531","1":"product","2":"type-product","3":"status-publish","4":"has-post-thumbnail","6":"product_cat-acessorios","7":"product_cat-malas","9":"first","10":"instock","11":"taxable","12":"shipping-taxable","13":"purchasable","14":"product-type-simple"},"_links":{"self":[{"href":"https:\/\/hanamistudiolo.com\/en\/wp-json\/wp\/v2\/product\/531","targetHints":{"allow":["GET"]}}],"collection":[{"href":"https:\/\/hanamistudiolo.com\/en\/wp-json\/wp\/v2\/product"}],"about":[{"href":"https:\/\/hanamistudiolo.com\/en\/wp-json\/wp\/v2\/types\/product"}],"replies":[{"embeddable":true,"href":"https:\/\/hanamistudiolo.com\/en\/wp-json\/wp\/v2\/comments?post=531"}],"wp:featuredmedia":[{"embeddable":true,"href":"https:\/\/hanamistudiolo.com\/en\/wp-json\/wp\/v2\/media\/532"}],"wp:attachment":[{"href":"https:\/\/hanamistudiolo.com\/en\/wp-json\/wp\/v2\/media?parent=531"}],"wp:term":[{"taxonomy":"product_brand","embeddable":true,"href":"https:\/\/hanamistudiolo.com\/en\/wp-json\/wp\/v2\/product_brand?post=531"},{"taxonomy":"product_cat","embeddable":true,"href":"https:\/\/hanamistudiolo.com\/en\/wp-json\/wp\/v2\/product_cat?post=531"},{"taxonomy":"product_tag","embeddable":true,"href":"https:\/\/hanamistudiolo.com\/en\/wp-json\/wp\/v2\/product_tag?post=531"}],"curies":[{"name":"wp","href":"https:\/\/api.w.org\/{rel}","templated":true}]}}