{"id":528,"date":"2023-12-11T17:03:43","date_gmt":"2023-12-11T17:03:43","guid":{"rendered":"https:\/\/hanamistudiolo.com\/?post_type=product&#038;p=528"},"modified":"2023-12-11T17:03:44","modified_gmt":"2023-12-11T17:03:44","slug":"lenco","status":"publish","type":"product","link":"https:\/\/hanamistudiolo.com\/en\/product\/lenco\/","title":{"rendered":"Len\u00e7o"},"content":{"rendered":"<p class=\"p1\">O &#8220;Jardim em Flor&#8221; \u00e9 um len\u00e7o lindissimo, com um padr\u00e3o colorido e artistico.<\/p>\n<p class=\"p1\">100% seda<\/p>","protected":false},"excerpt":{"rendered":"<p>O &#8220;Jardim em Flor&#8221; \u00e9 um len\u00e7o lindissimo, com um padr\u00e3o colorido e artistico. 100% seda<\/p>","protected":false},"featured_media":529,"comment_status":"closed","ping_status":"closed","template":"","meta":[],"product_brand":[],"product_cat":[20,37],"product_tag":[],"class_list":{"0":"post-528","1":"product","2":"type-product","3":"status-publish","4":"has-post-thumbnail","6":"product_cat-acessorios","7":"product_cat-lencos","9":"first","10":"instock","11":"taxable","12":"shipping-taxable","13":"purchasable","14":"product-type-simple"},"_links":{"self":[{"href":"https:\/\/hanamistudiolo.com\/en\/wp-json\/wp\/v2\/product\/528","targetHints":{"allow":["GET"]}}],"collection":[{"href":"https:\/\/hanamistudiolo.com\/en\/wp-json\/wp\/v2\/product"}],"about":[{"href":"https:\/\/hanamistudiolo.com\/en\/wp-json\/wp\/v2\/types\/product"}],"replies":[{"embeddable":true,"href":"https:\/\/hanamistudiolo.com\/en\/wp-json\/wp\/v2\/comments?post=528"}],"wp:featuredmedia":[{"embeddable":true,"href":"https:\/\/hanamistudiolo.com\/en\/wp-json\/wp\/v2\/media\/529"}],"wp:attachment":[{"href":"https:\/\/hanamistudiolo.com\/en\/wp-json\/wp\/v2\/media?parent=528"}],"wp:term":[{"taxonomy":"product_brand","embeddable":true,"href":"https:\/\/hanamistudiolo.com\/en\/wp-json\/wp\/v2\/product_brand?post=528"},{"taxonomy":"product_cat","embeddable":true,"href":"https:\/\/hanamistudiolo.com\/en\/wp-json\/wp\/v2\/product_cat?post=528"},{"taxonomy":"product_tag","embeddable":true,"href":"https:\/\/hanamistudiolo.com\/en\/wp-json\/wp\/v2\/product_tag?post=528"}],"curies":[{"name":"wp","href":"https:\/\/api.w.org\/{rel}","templated":true}]}}