{"id":519,"date":"2023-12-11T16:54:59","date_gmt":"2023-12-11T16:54:59","guid":{"rendered":"https:\/\/hanamistudiolo.com\/?post_type=product&#038;p=519"},"modified":"2023-12-11T16:54:59","modified_gmt":"2023-12-11T16:54:59","slug":"grande-echarpe","status":"publish","type":"product","link":"https:\/\/hanamistudiolo.com\/en\/product\/grande-echarpe\/","title":{"rendered":"Grande \u00e9charpe"},"content":{"rendered":"<p class=\"p1\">Grande \u00e9charpe genu\u00edna do Himalaia onde \u00e9 tecida pelas t\u00e9cnicas artesanais, sendo um testemunho vivo da cultura do Himalaia.<\/p>\n<p class=\"p1\">Uma grande \u00e9charpe, tamb\u00e9m aconselhada como mante de medita\u00e7\u00e3o. 80% l\u00e3 20% pashmina.<\/p>\n<p class=\"p1\">aprox: 1,95&#215;0,71m<\/p>","protected":false},"excerpt":{"rendered":"<p>Grande \u00e9charpe genu\u00edna do Himalaia onde \u00e9 tecida pelas t\u00e9cnicas artesanais, sendo um testemunho vivo da cultura do Himalaia. Uma grande \u00e9charpe, tamb\u00e9m aconselhada como mante de medita\u00e7\u00e3o. 80% l\u00e3 20% pashmina. aprox: 1,95&#215;0,71m<\/p>","protected":false},"featured_media":520,"comment_status":"closed","ping_status":"closed","template":"","meta":[],"product_brand":[],"product_cat":[20,37],"product_tag":[],"class_list":{"0":"post-519","1":"product","2":"type-product","3":"status-publish","4":"has-post-thumbnail","6":"product_cat-acessorios","7":"product_cat-lencos","9":"first","10":"instock","11":"taxable","12":"shipping-taxable","13":"purchasable","14":"product-type-simple"},"_links":{"self":[{"href":"https:\/\/hanamistudiolo.com\/en\/wp-json\/wp\/v2\/product\/519","targetHints":{"allow":["GET"]}}],"collection":[{"href":"https:\/\/hanamistudiolo.com\/en\/wp-json\/wp\/v2\/product"}],"about":[{"href":"https:\/\/hanamistudiolo.com\/en\/wp-json\/wp\/v2\/types\/product"}],"replies":[{"embeddable":true,"href":"https:\/\/hanamistudiolo.com\/en\/wp-json\/wp\/v2\/comments?post=519"}],"wp:featuredmedia":[{"embeddable":true,"href":"https:\/\/hanamistudiolo.com\/en\/wp-json\/wp\/v2\/media\/520"}],"wp:attachment":[{"href":"https:\/\/hanamistudiolo.com\/en\/wp-json\/wp\/v2\/media?parent=519"}],"wp:term":[{"taxonomy":"product_brand","embeddable":true,"href":"https:\/\/hanamistudiolo.com\/en\/wp-json\/wp\/v2\/product_brand?post=519"},{"taxonomy":"product_cat","embeddable":true,"href":"https:\/\/hanamistudiolo.com\/en\/wp-json\/wp\/v2\/product_cat?post=519"},{"taxonomy":"product_tag","embeddable":true,"href":"https:\/\/hanamistudiolo.com\/en\/wp-json\/wp\/v2\/product_tag?post=519"}],"curies":[{"name":"wp","href":"https:\/\/api.w.org\/{rel}","templated":true}]}}