{"id":512,"date":"2023-12-11T16:40:35","date_gmt":"2023-12-11T16:40:35","guid":{"rendered":"https:\/\/hanamistudiolo.com\/?post_type=product&#038;p=512"},"modified":"2023-12-11T16:40:35","modified_gmt":"2023-12-11T16:40:35","slug":"cinto-masai","status":"publish","type":"product","link":"https:\/\/hanamistudiolo.com\/en\/product\/cinto-masai\/","title":{"rendered":"Cinto Masai"},"content":{"rendered":"<p class=\"p1\">Cinto artesanal Masai.<\/p>\n<p class=\"p1\">Tratando-se de uma pe\u00e7a original vintage, pode apresentar &#8220;sinais do tempo&#8221; como marcas e pequenas imperfei\u00e7\u00f5es.<\/p>\n<p class=\"p1\">Comprimento do cinto: 1,12 cm<span class=\"Apple-converted-space\">\u00a0 \u00a0 \u00a0 \u00a0 \u00a0 \u00a0 \u00a0 \u00a0 \u00a0 \u00a0 \u00a0 \u00a0<\/span><\/p>\n<p class=\"p1\">Comprimento cintura (minimo): 85cm<\/p>","protected":false},"excerpt":{"rendered":"<p>Cinto artesanal Masai. Tratando-se de uma pe\u00e7a original vintage, pode apresentar &#8220;sinais do tempo&#8221; como marcas e pequenas imperfei\u00e7\u00f5es. Comprimento do cinto: 1,12 cm\u00a0 \u00a0 \u00a0 \u00a0 \u00a0 \u00a0 \u00a0 \u00a0 \u00a0 \u00a0 \u00a0 \u00a0 Comprimento cintura (minimo): 85cm<\/p>","protected":false},"featured_media":514,"comment_status":"closed","ping_status":"closed","template":"","meta":[],"product_brand":[],"product_cat":[20,36],"product_tag":[],"class_list":{"0":"post-512","1":"product","2":"type-product","3":"status-publish","4":"has-post-thumbnail","6":"product_cat-acessorios","7":"product_cat-cintos","9":"first","10":"instock","11":"taxable","12":"shipping-taxable","13":"purchasable","14":"product-type-simple"},"_links":{"self":[{"href":"https:\/\/hanamistudiolo.com\/en\/wp-json\/wp\/v2\/product\/512","targetHints":{"allow":["GET"]}}],"collection":[{"href":"https:\/\/hanamistudiolo.com\/en\/wp-json\/wp\/v2\/product"}],"about":[{"href":"https:\/\/hanamistudiolo.com\/en\/wp-json\/wp\/v2\/types\/product"}],"replies":[{"embeddable":true,"href":"https:\/\/hanamistudiolo.com\/en\/wp-json\/wp\/v2\/comments?post=512"}],"wp:featuredmedia":[{"embeddable":true,"href":"https:\/\/hanamistudiolo.com\/en\/wp-json\/wp\/v2\/media\/514"}],"wp:attachment":[{"href":"https:\/\/hanamistudiolo.com\/en\/wp-json\/wp\/v2\/media?parent=512"}],"wp:term":[{"taxonomy":"product_brand","embeddable":true,"href":"https:\/\/hanamistudiolo.com\/en\/wp-json\/wp\/v2\/product_brand?post=512"},{"taxonomy":"product_cat","embeddable":true,"href":"https:\/\/hanamistudiolo.com\/en\/wp-json\/wp\/v2\/product_cat?post=512"},{"taxonomy":"product_tag","embeddable":true,"href":"https:\/\/hanamistudiolo.com\/en\/wp-json\/wp\/v2\/product_tag?post=512"}],"curies":[{"name":"wp","href":"https:\/\/api.w.org\/{rel}","templated":true}]}}