{"id":508,"date":"2023-12-11T16:29:59","date_gmt":"2023-12-11T16:29:59","guid":{"rendered":"https:\/\/hanamistudiolo.com\/?post_type=product&#038;p=508"},"modified":"2023-12-11T16:29:59","modified_gmt":"2023-12-11T16:29:59","slug":"gorro","status":"publish","type":"product","link":"https:\/\/hanamistudiolo.com\/en\/product\/gorro\/","title":{"rendered":"Gorro"},"content":{"rendered":"<p class=\"p1\">Gorro de l\u00e3. Tricotado \u00e1 m\u00e3o em Portugal (certificado &#8220;Made in Portugal&#8221;)<\/p>","protected":false},"excerpt":{"rendered":"<p>Gorro de l\u00e3. Tricotado \u00e1 m\u00e3o em Portugal (certificado &#8220;Made in Portugal&#8221;)<\/p>","protected":false},"featured_media":509,"comment_status":"closed","ping_status":"closed","template":"","meta":[],"product_brand":[],"product_cat":[20],"product_tag":[],"class_list":{"0":"post-508","1":"product","2":"type-product","3":"status-publish","4":"has-post-thumbnail","6":"product_cat-acessorios","8":"first","9":"instock","10":"taxable","11":"shipping-taxable","12":"purchasable","13":"product-type-simple"},"_links":{"self":[{"href":"https:\/\/hanamistudiolo.com\/en\/wp-json\/wp\/v2\/product\/508","targetHints":{"allow":["GET"]}}],"collection":[{"href":"https:\/\/hanamistudiolo.com\/en\/wp-json\/wp\/v2\/product"}],"about":[{"href":"https:\/\/hanamistudiolo.com\/en\/wp-json\/wp\/v2\/types\/product"}],"replies":[{"embeddable":true,"href":"https:\/\/hanamistudiolo.com\/en\/wp-json\/wp\/v2\/comments?post=508"}],"wp:featuredmedia":[{"embeddable":true,"href":"https:\/\/hanamistudiolo.com\/en\/wp-json\/wp\/v2\/media\/509"}],"wp:attachment":[{"href":"https:\/\/hanamistudiolo.com\/en\/wp-json\/wp\/v2\/media?parent=508"}],"wp:term":[{"taxonomy":"product_brand","embeddable":true,"href":"https:\/\/hanamistudiolo.com\/en\/wp-json\/wp\/v2\/product_brand?post=508"},{"taxonomy":"product_cat","embeddable":true,"href":"https:\/\/hanamistudiolo.com\/en\/wp-json\/wp\/v2\/product_cat?post=508"},{"taxonomy":"product_tag","embeddable":true,"href":"https:\/\/hanamistudiolo.com\/en\/wp-json\/wp\/v2\/product_tag?post=508"}],"curies":[{"name":"wp","href":"https:\/\/api.w.org\/{rel}","templated":true}]}}