{"id":499,"date":"2023-12-11T16:09:06","date_gmt":"2023-12-11T16:09:06","guid":{"rendered":"https:\/\/hanamistudiolo.com\/?post_type=product&#038;p=499"},"modified":"2023-12-11T16:09:54","modified_gmt":"2023-12-11T16:09:54","slug":"colar-vintage-tribal-afegao","status":"publish","type":"product","link":"https:\/\/hanamistudiolo.com\/en\/product\/colar-vintage-tribal-afegao\/","title":{"rendered":"Colar Vintage tribal Afeg\u00e3o"},"content":{"rendered":"<p class=\"p1\">Colar Vintage tribal Afeg\u00e3o.<\/p>\n<p class=\"p1\">Tratando-se de uma pe\u00e7a original vintage, pode apresentar &#8220;sinais do tempo&#8221; como marcas e pequenas imperfei\u00e7\u00f5es.<\/p>\n<p class=\"p1\">comprimento:25cm medalha: 6x7cm<span class=\"Apple-converted-space\">\u00a0 \u00a0 \u00a0<\/span><\/p>","protected":false},"excerpt":{"rendered":"<p>Colar Vintage tribal Afeg\u00e3o. Tratando-se de uma pe\u00e7a original vintage, pode apresentar &#8220;sinais do tempo&#8221; como marcas e pequenas imperfei\u00e7\u00f5es. comprimento:25cm medalha: 6x7cm\u00a0 \u00a0 \u00a0<\/p>","protected":false},"featured_media":500,"comment_status":"closed","ping_status":"closed","template":"","meta":[],"product_brand":[],"product_cat":[20,34],"product_tag":[],"class_list":{"0":"post-499","1":"product","2":"type-product","3":"status-publish","4":"has-post-thumbnail","6":"product_cat-acessorios","7":"product_cat-colares","9":"first","10":"instock","11":"taxable","12":"shipping-taxable","13":"purchasable","14":"product-type-simple"},"_links":{"self":[{"href":"https:\/\/hanamistudiolo.com\/en\/wp-json\/wp\/v2\/product\/499","targetHints":{"allow":["GET"]}}],"collection":[{"href":"https:\/\/hanamistudiolo.com\/en\/wp-json\/wp\/v2\/product"}],"about":[{"href":"https:\/\/hanamistudiolo.com\/en\/wp-json\/wp\/v2\/types\/product"}],"replies":[{"embeddable":true,"href":"https:\/\/hanamistudiolo.com\/en\/wp-json\/wp\/v2\/comments?post=499"}],"wp:featuredmedia":[{"embeddable":true,"href":"https:\/\/hanamistudiolo.com\/en\/wp-json\/wp\/v2\/media\/500"}],"wp:attachment":[{"href":"https:\/\/hanamistudiolo.com\/en\/wp-json\/wp\/v2\/media?parent=499"}],"wp:term":[{"taxonomy":"product_brand","embeddable":true,"href":"https:\/\/hanamistudiolo.com\/en\/wp-json\/wp\/v2\/product_brand?post=499"},{"taxonomy":"product_cat","embeddable":true,"href":"https:\/\/hanamistudiolo.com\/en\/wp-json\/wp\/v2\/product_cat?post=499"},{"taxonomy":"product_tag","embeddable":true,"href":"https:\/\/hanamistudiolo.com\/en\/wp-json\/wp\/v2\/product_tag?post=499"}],"curies":[{"name":"wp","href":"https:\/\/api.w.org\/{rel}","templated":true}]}}