{"id":474,"date":"2023-12-11T13:02:53","date_gmt":"2023-12-11T13:02:53","guid":{"rendered":"https:\/\/hanamistudiolo.com\/?post_type=product&#038;p=474"},"modified":"2023-12-11T13:02:54","modified_gmt":"2023-12-11T13:02:54","slug":"patchwork-bomber","status":"publish","type":"product","link":"https:\/\/hanamistudiolo.com\/en\/product\/patchwork-bomber\/","title":{"rendered":"Patchwork Bomber"},"content":{"rendered":"<p class=\"p1\">Casaco Patchwork Bomber patchwork , feito em Fran\u00e7a com design e h\u00e1bil corte ajustado a um look descontra\u00eddo, enfatizado pelos ombros ligeiramente ca\u00eddos e cores contrastantes.<\/p>\n<p class=\"p1\">\u00c9 forrado, impermeavel e perfeito para usar com jeans ou vestidos.<\/p>\n<p class=\"p1\">100% poliester<\/p>","protected":false},"excerpt":{"rendered":"<p>Casaco Patchwork Bomber patchwork , feito em Fran\u00e7a com design e h\u00e1bil corte ajustado a um look descontra\u00eddo, enfatizado pelos ombros ligeiramente ca\u00eddos e cores contrastantes. \u00c9 forrado, impermeavel e perfeito para usar com jeans ou vestidos. 100% poliester<\/p>","protected":false},"featured_media":476,"comment_status":"closed","ping_status":"closed","template":"","meta":[],"product_brand":[],"product_cat":[32,19],"product_tag":[],"class_list":{"0":"post-474","1":"product","2":"type-product","3":"status-publish","4":"has-post-thumbnail","6":"product_cat-casacos","7":"product_cat-moda","9":"first","10":"instock","11":"taxable","12":"shipping-taxable","13":"purchasable","14":"product-type-simple"},"_links":{"self":[{"href":"https:\/\/hanamistudiolo.com\/en\/wp-json\/wp\/v2\/product\/474","targetHints":{"allow":["GET"]}}],"collection":[{"href":"https:\/\/hanamistudiolo.com\/en\/wp-json\/wp\/v2\/product"}],"about":[{"href":"https:\/\/hanamistudiolo.com\/en\/wp-json\/wp\/v2\/types\/product"}],"replies":[{"embeddable":true,"href":"https:\/\/hanamistudiolo.com\/en\/wp-json\/wp\/v2\/comments?post=474"}],"wp:featuredmedia":[{"embeddable":true,"href":"https:\/\/hanamistudiolo.com\/en\/wp-json\/wp\/v2\/media\/476"}],"wp:attachment":[{"href":"https:\/\/hanamistudiolo.com\/en\/wp-json\/wp\/v2\/media?parent=474"}],"wp:term":[{"taxonomy":"product_brand","embeddable":true,"href":"https:\/\/hanamistudiolo.com\/en\/wp-json\/wp\/v2\/product_brand?post=474"},{"taxonomy":"product_cat","embeddable":true,"href":"https:\/\/hanamistudiolo.com\/en\/wp-json\/wp\/v2\/product_cat?post=474"},{"taxonomy":"product_tag","embeddable":true,"href":"https:\/\/hanamistudiolo.com\/en\/wp-json\/wp\/v2\/product_tag?post=474"}],"curies":[{"name":"wp","href":"https:\/\/api.w.org\/{rel}","templated":true}]}}