{"id":451,"date":"2023-12-11T12:25:45","date_gmt":"2023-12-11T12:25:45","guid":{"rendered":"https:\/\/hanamistudiolo.com\/?post_type=product&#038;p=451"},"modified":"2023-12-11T12:29:35","modified_gmt":"2023-12-11T12:29:35","slug":"vestido-curto","status":"publish","type":"product","link":"https:\/\/hanamistudiolo.com\/en\/product\/vestido-curto\/","title":{"rendered":"Vestido curto"},"content":{"rendered":"<p class=\"p1\">Vestido curto que pode tamb\u00e9m ser usado como t\u00fanica, com pequeno empregueado na frente e nas costas. Tem manga 3\/4, bolsinhos laterais metidos e aperta com bot\u00f5ezinhos na frente.<\/p>\n<p class=\"p1\">Em seda com detalhes de aplica\u00e7\u00f5es bordadas, \u00e9 um modelo exclusivo.<\/p>\n<p class=\"p1\">Se este \u00e9 o teu vestido preferido, v\u00ea se tamb\u00e9m gostas da nossa sugest\u00e3o de pairing com o len\u00e7o de seda &#8220;garden&#8221;<\/p>","protected":false},"excerpt":{"rendered":"<p>Vestido curto que pode tamb\u00e9m ser usado como t\u00fanica, com pequeno empregueado na frente e nas costas. Tem manga 3\/4, bolsinhos laterais metidos e aperta com bot\u00f5ezinhos na frente. Em seda com detalhes de aplica\u00e7\u00f5es bordadas, \u00e9 um modelo exclusivo. Se este \u00e9 o teu vestido preferido, v\u00ea se tamb\u00e9m gostas da nossa sugest\u00e3o de [&hellip;]<\/p>","protected":false},"featured_media":452,"comment_status":"closed","ping_status":"closed","template":"","meta":[],"product_brand":[],"product_cat":[19,30],"product_tag":[],"class_list":{"0":"post-451","1":"product","2":"type-product","3":"status-publish","4":"has-post-thumbnail","6":"product_cat-moda","7":"product_cat-vestidos","9":"first","10":"instock","11":"taxable","12":"shipping-taxable","13":"purchasable","14":"product-type-simple"},"_links":{"self":[{"href":"https:\/\/hanamistudiolo.com\/en\/wp-json\/wp\/v2\/product\/451","targetHints":{"allow":["GET"]}}],"collection":[{"href":"https:\/\/hanamistudiolo.com\/en\/wp-json\/wp\/v2\/product"}],"about":[{"href":"https:\/\/hanamistudiolo.com\/en\/wp-json\/wp\/v2\/types\/product"}],"replies":[{"embeddable":true,"href":"https:\/\/hanamistudiolo.com\/en\/wp-json\/wp\/v2\/comments?post=451"}],"wp:featuredmedia":[{"embeddable":true,"href":"https:\/\/hanamistudiolo.com\/en\/wp-json\/wp\/v2\/media\/452"}],"wp:attachment":[{"href":"https:\/\/hanamistudiolo.com\/en\/wp-json\/wp\/v2\/media?parent=451"}],"wp:term":[{"taxonomy":"product_brand","embeddable":true,"href":"https:\/\/hanamistudiolo.com\/en\/wp-json\/wp\/v2\/product_brand?post=451"},{"taxonomy":"product_cat","embeddable":true,"href":"https:\/\/hanamistudiolo.com\/en\/wp-json\/wp\/v2\/product_cat?post=451"},{"taxonomy":"product_tag","embeddable":true,"href":"https:\/\/hanamistudiolo.com\/en\/wp-json\/wp\/v2\/product_tag?post=451"}],"curies":[{"name":"wp","href":"https:\/\/api.w.org\/{rel}","templated":true}]}}