{"id":438,"date":"2023-12-11T11:35:08","date_gmt":"2023-12-11T11:35:08","guid":{"rendered":"https:\/\/hanamistudiolo.com\/?post_type=product&#038;p=438"},"modified":"2023-12-11T11:43:18","modified_gmt":"2023-12-11T11:43:18","slug":"vestido","status":"publish","type":"product","link":"https:\/\/hanamistudiolo.com\/en\/product\/vestido\/","title":{"rendered":"Vestido"},"content":{"rendered":"<p class=\"p1\" style=\"text-align: left;\">Vestido de manga comprida e el\u00e1stico na cinta na frente e costa. Este modelo tem bolsinhos e a parte inferior terminada em linha evas\u00e9.<span class=\"Apple-converted-space\">\u00a0 \u00a0 \u00a0 \u00a0 <\/span>Em seda e modelo \u00fanico.<\/p>\n<p class=\"p1\">Se este \u00e9 o teu vestido preferido (foto frente e costas) v\u00ea se tamb\u00e9m gostas da nossa sugest\u00e3o de pairing com o kimono reversivel comprido.<\/p>","protected":false},"excerpt":{"rendered":"<p>Vestido de manga comprida e el\u00e1stico na cinta na frente e costa. Este modelo tem bolsinhos e a parte inferior terminada em linha evas\u00e9.\u00a0 \u00a0 \u00a0 \u00a0 Em seda e modelo \u00fanico. Se este \u00e9 o teu vestido preferido (foto frente e costas) v\u00ea se tamb\u00e9m gostas da nossa sugest\u00e3o de pairing com o kimono [&hellip;]<\/p>","protected":false},"featured_media":439,"comment_status":"closed","ping_status":"closed","template":"","meta":[],"product_brand":[],"product_cat":[19,30],"product_tag":[],"class_list":{"0":"post-438","1":"product","2":"type-product","3":"status-publish","4":"has-post-thumbnail","6":"product_cat-moda","7":"product_cat-vestidos","9":"first","10":"instock","11":"taxable","12":"shipping-taxable","13":"purchasable","14":"product-type-simple"},"_links":{"self":[{"href":"https:\/\/hanamistudiolo.com\/en\/wp-json\/wp\/v2\/product\/438","targetHints":{"allow":["GET"]}}],"collection":[{"href":"https:\/\/hanamistudiolo.com\/en\/wp-json\/wp\/v2\/product"}],"about":[{"href":"https:\/\/hanamistudiolo.com\/en\/wp-json\/wp\/v2\/types\/product"}],"replies":[{"embeddable":true,"href":"https:\/\/hanamistudiolo.com\/en\/wp-json\/wp\/v2\/comments?post=438"}],"wp:featuredmedia":[{"embeddable":true,"href":"https:\/\/hanamistudiolo.com\/en\/wp-json\/wp\/v2\/media\/439"}],"wp:attachment":[{"href":"https:\/\/hanamistudiolo.com\/en\/wp-json\/wp\/v2\/media?parent=438"}],"wp:term":[{"taxonomy":"product_brand","embeddable":true,"href":"https:\/\/hanamistudiolo.com\/en\/wp-json\/wp\/v2\/product_brand?post=438"},{"taxonomy":"product_cat","embeddable":true,"href":"https:\/\/hanamistudiolo.com\/en\/wp-json\/wp\/v2\/product_cat?post=438"},{"taxonomy":"product_tag","embeddable":true,"href":"https:\/\/hanamistudiolo.com\/en\/wp-json\/wp\/v2\/product_tag?post=438"}],"curies":[{"name":"wp","href":"https:\/\/api.w.org\/{rel}","templated":true}]}}